{"id":803,"date":"2021-05-12T10:26:05","date_gmt":"2021-05-12T10:26:05","guid":{"rendered":"https:\/\/allami.lu\/home\/"},"modified":"2025-11-21T14:51:56","modified_gmt":"2025-11-21T14:51:56","slug":"home","status":"publish","type":"page","link":"https:\/\/allami.lu\/de\/","title":{"rendered":"Home"},"content":{"rendered":"\t\t<div data-elementor-type=\"wp-page\" data-elementor-id=\"803\" class=\"elementor elementor-803 elementor-680\" data-elementor-post-type=\"page\">\n\t\t\t\t\t\t<section class=\"elementor-section elementor-top-section elementor-element elementor-element-463ecbd elementor-section-content-bottom elementor-section-boxed elementor-section-height-default elementor-section-height-default\" data-id=\"463ecbd\" data-element_type=\"section\" data-e-type=\"section\" data-settings=\"{&quot;background_background&quot;:&quot;classic&quot;}\">\n\t\t\t\t\t\t\t<div class=\"elementor-background-overlay\"><\/div>\n\t\t\t\t\t\t\t<div class=\"elementor-container elementor-column-gap-no\">\n\t\t\t\t\t<div class=\"elementor-column elementor-col-50 elementor-top-column elementor-element elementor-element-8e0322c\" data-id=\"8e0322c\" data-element_type=\"column\" data-e-type=\"column\" data-settings=\"{&quot;background_background&quot;:&quot;classic&quot;}\">\n\t\t\t<div class=\"elementor-widget-wrap elementor-element-populated\">\n\t\t\t\t\t\t<div class=\"elementor-element elementor-element-86926c9 elementor-widget elementor-widget-heading\" data-id=\"86926c9\" data-element_type=\"widget\" data-e-type=\"widget\" data-widget_type=\"heading.default\">\n\t\t\t\t<div class=\"elementor-widget-container\">\n\t\t\t\t\t<h1 class=\"elementor-heading-title elementor-size-default\">Zeit f\u00fcr ein L\u00e4cheln<\/h1>\t\t\t\t<\/div>\n\t\t\t\t<\/div>\n\t\t\t\t<div class=\"elementor-element elementor-element-06f7661 elementor-widget-divider--view-line elementor-widget elementor-widget-divider\" data-id=\"06f7661\" data-element_type=\"widget\" data-e-type=\"widget\" data-widget_type=\"divider.default\">\n\t\t\t\t<div class=\"elementor-widget-container\">\n\t\t\t\t\t\t\t<div class=\"elementor-divider\">\n\t\t\t<span class=\"elementor-divider-separator\">\n\t\t\t\t\t\t<\/span>\n\t\t<\/div>\n\t\t\t\t\t\t<\/div>\n\t\t\t\t<\/div>\n\t\t\t\t<div class=\"elementor-element elementor-element-2259474 elementor-widget elementor-widget-text-editor\" data-id=\"2259474\" data-element_type=\"widget\" data-e-type=\"widget\" data-widget_type=\"text-editor.default\">\n\t\t\t\t<div class=\"elementor-widget-container\">\n\t\t\t\t\t\t\t\t\t<p><span data-sheets-value=\"{\" data-sheets-userformat=\"{\">Wir verbinden jahrelanges medizinisches Fachwissen mit einem holistischen Ansatz, um Ihnen die beste zahn\u00e4rztliche Versorgung in Luxemburg zu bieten. <\/span><\/p><p><span data-sheets-value=\"{\" data-sheets-userformat=\"{\">Wir helfen ihnen zu einem selbstbewussten, stressfreien L\u00e4cheln.<\/span><\/p>\t\t\t\t\t\t\t\t<\/div>\n\t\t\t\t<\/div>\n\t\t\t\t\t<\/div>\n\t\t<\/div>\n\t\t\t\t<div class=\"elementor-column elementor-col-50 elementor-top-column elementor-element elementor-element-dafebbf\" data-id=\"dafebbf\" data-element_type=\"column\" data-e-type=\"column\" data-settings=\"{&quot;background_background&quot;:&quot;classic&quot;}\">\n\t\t\t<div class=\"elementor-widget-wrap elementor-element-populated\">\n\t\t\t\t\t\t<div class=\"elementor-element elementor-element-1bd365c elementor-hidden-desktop elementor-hidden-tablet elementor-widget elementor-widget-image\" data-id=\"1bd365c\" data-element_type=\"widget\" data-e-type=\"widget\" data-widget_type=\"image.default\">\n\t\t\t\t<div class=\"elementor-widget-container\">\n\t\t\t\t\t\t\t\t\t\t\t\t\t\t\t<img fetchpriority=\"high\" decoding=\"async\" width=\"1024\" height=\"682\" src=\"https:\/\/allami.lu\/wp-content\/uploads\/2025\/11\/DKO06406-1024x682.jpg\" class=\"attachment-large size-large wp-image-2878\" alt=\"\" srcset=\"https:\/\/allami.lu\/wp-content\/uploads\/2025\/11\/DKO06406-1024x682.jpg 1024w, https:\/\/allami.lu\/wp-content\/uploads\/2025\/11\/DKO06406-300x200.jpg 300w, https:\/\/allami.lu\/wp-content\/uploads\/2025\/11\/DKO06406-768x512.jpg 768w, https:\/\/allami.lu\/wp-content\/uploads\/2025\/11\/DKO06406-1536x1024.jpg 1536w, https:\/\/allami.lu\/wp-content\/uploads\/2025\/11\/DKO06406.jpg 2000w\" sizes=\"(max-width: 1024px) 100vw, 1024px\" \/>\t\t\t\t\t\t\t\t\t\t\t\t\t\t\t<\/div>\n\t\t\t\t<\/div>\n\t\t\t\t\t<\/div>\n\t\t<\/div>\n\t\t\t\t\t<\/div>\n\t\t<\/section>\n\t\t\t\t<section class=\"elementor-section elementor-top-section elementor-element elementor-element-1c9ccd51 elementor-section-content-middle elementor-reverse-mobile elementor-section-boxed elementor-section-height-default elementor-section-height-default\" data-id=\"1c9ccd51\" data-element_type=\"section\" data-e-type=\"section\" data-settings=\"{&quot;background_background&quot;:&quot;classic&quot;}\">\n\t\t\t\t\t\t\t<div class=\"elementor-background-overlay\"><\/div>\n\t\t\t\t\t\t\t<div class=\"elementor-container elementor-column-gap-no\">\n\t\t\t\t\t<div class=\"elementor-column elementor-col-50 elementor-top-column elementor-element elementor-element-63ffc8bd\" data-id=\"63ffc8bd\" data-element_type=\"column\" data-e-type=\"column\" data-settings=\"{&quot;background_background&quot;:&quot;classic&quot;}\">\n\t\t\t<div class=\"elementor-widget-wrap elementor-element-populated\">\n\t\t\t\t\t\t<div class=\"elementor-element elementor-element-129bd766 elementor-widget elementor-widget-heading\" data-id=\"129bd766\" data-element_type=\"widget\" data-e-type=\"widget\" data-widget_type=\"heading.default\">\n\t\t\t\t<div class=\"elementor-widget-container\">\n\t\t\t\t\t<h2 class=\"elementor-heading-title elementor-size-default\">\u00dcber unsere Klinik<\/h2>\t\t\t\t<\/div>\n\t\t\t\t<\/div>\n\t\t\t\t<div class=\"elementor-element elementor-element-33676680 elementor-widget-divider--view-line elementor-widget elementor-widget-divider\" data-id=\"33676680\" data-element_type=\"widget\" data-e-type=\"widget\" data-widget_type=\"divider.default\">\n\t\t\t\t<div class=\"elementor-widget-container\">\n\t\t\t\t\t\t\t<div class=\"elementor-divider\">\n\t\t\t<span class=\"elementor-divider-separator\">\n\t\t\t\t\t\t<\/span>\n\t\t<\/div>\n\t\t\t\t\t\t<\/div>\n\t\t\t\t<\/div>\n\t\t\t\t<div class=\"elementor-element elementor-element-2e867084 elementor-widget elementor-widget-text-editor\" data-id=\"2e867084\" data-element_type=\"widget\" data-e-type=\"widget\" data-widget_type=\"text-editor.default\">\n\t\t\t\t<div class=\"elementor-widget-container\">\n\t\t\t\t\t\t\t\t\t<p><span data-sheets-value=\"{&quot;1&quot;:2,&quot;2&quot;:&quot;In unserer Zahnklinik verstehen wir, dass ein Zahnarztbesuch stressig sein kann. Deshalb haben wir einen einladenden Ort geschaffen in dem Ihr Wohlf\u00fchlen an erster Stelle steht. Alle Ihre zahnmedizinischen Bed\u00fcrfnisse werden von einem erfahrenen und einf\u00fchlsamen Team behandelt. \\n\\nUnsere k\u00fcrzlich er\u00f6ffnete Zahnklinik in Luxemburg ist mit modernsten Ger\u00e4ten ausgestattet. Unseren Fachleuten liegt Ihr Komfort und Ihr Wohlbefinden am Herzen. Das mehrsprachige Team wird geleitet von Dr. Lian Allami, Expertin f\u00fcr wissenschaftlich fundierte Zahnpflege mit holistischen Ansatz. Geniessen Sie erstklassige Zahnmedizin in einer freundlichen und stressfreien Atmosph\u00e4re.&quot;}\" data-sheets-userformat=\"{&quot;2&quot;:771,&quot;3&quot;:{&quot;1&quot;:0},&quot;4&quot;:[null,2,14281427],&quot;11&quot;:4,&quot;12&quot;:0}\">In unserer Zahnklinik verstehen wir, dass ein Zahnarztbesuch stressig sein kann. Deshalb haben wir einen einladenden Ort geschaffen in dem Ihr Wohlf\u00fchlen an erster Stelle steht. Alle Ihre zahnmedizinischen Bed\u00fcrfnisse werden von einem erfahrenen und einf\u00fchlsamen Team behandelt.<\/span><\/p>\t\t\t\t\t\t\t\t<\/div>\n\t\t\t\t<\/div>\n\t\t\t\t<div class=\"elementor-element elementor-element-3a20720 elementor-widget elementor-widget-text-editor\" data-id=\"3a20720\" data-element_type=\"widget\" data-e-type=\"widget\" data-widget_type=\"text-editor.default\">\n\t\t\t\t<div class=\"elementor-widget-container\">\n\t\t\t\t\t\t\t\t\t<p>Unsere k\u00fcrzlich er\u00f6ffnete Zahnklinik in Luxemburg ist mit modernsten Ger\u00e4ten ausgestattet. Unseren Fachleuten liegt Ihr Komfort und Ihr Wohlbefinden am Herzen.<\/p><p>Das mehrsprachige Team wird von Dr. Lian Allami geleitet, Expertin f\u00fcr wissenschaftlich fundierte \u00e4sthetische und zahnmedizinische Versorgung mit einem ganzheitlichen Ansatz.<\/p><p>Unser Spezialist, der Chirurg Dr. Pilz, f\u00fchrt alle Arten von chirurgischen Eingriffen schmerzfrei durch. Und das alles in einer freundlichen und stressfreien Atmosph\u00e4re.<\/p>\t\t\t\t\t\t\t\t<\/div>\n\t\t\t\t<\/div>\n\t\t\t\t\t<\/div>\n\t\t<\/div>\n\t\t\t\t<div class=\"elementor-column elementor-col-50 elementor-top-column elementor-element elementor-element-710011aa\" data-id=\"710011aa\" data-element_type=\"column\" data-e-type=\"column\" data-settings=\"{&quot;background_background&quot;:&quot;gradient&quot;}\">\n\t\t\t<div class=\"elementor-widget-wrap\">\n\t\t\t\t\t\t\t<\/div>\n\t\t<\/div>\n\t\t\t\t\t<\/div>\n\t\t<\/section>\n\t\t\t\t<section class=\"elementor-section elementor-top-section elementor-element elementor-element-3e3fbe1 elementor-section-content-middle elementor-section-boxed elementor-section-height-default elementor-section-height-default\" data-id=\"3e3fbe1\" data-element_type=\"section\" data-e-type=\"section\">\n\t\t\t\t\t\t\t<div class=\"elementor-background-overlay\"><\/div>\n\t\t\t\t\t\t\t<div class=\"elementor-container elementor-column-gap-no\">\n\t\t\t\t\t<div class=\"elementor-column elementor-col-100 elementor-top-column elementor-element elementor-element-b1aaed9\" data-id=\"b1aaed9\" data-element_type=\"column\" data-e-type=\"column\">\n\t\t\t<div class=\"elementor-widget-wrap elementor-element-populated\">\n\t\t\t\t\t\t<div class=\"elementor-element elementor-element-14b2d13 elementor-widget elementor-widget-heading\" data-id=\"14b2d13\" data-element_type=\"widget\" data-e-type=\"widget\" data-widget_type=\"heading.default\">\n\t\t\t\t<div class=\"elementor-widget-container\">\n\t\t\t\t\t<h2 class=\"elementor-heading-title elementor-size-default\">Buchen Sie einen Termin<\/h2>\t\t\t\t<\/div>\n\t\t\t\t<\/div>\n\t\t\t\t<div class=\"elementor-element elementor-element-45b8e28 elementor-widget-divider--view-line elementor-widget elementor-widget-divider\" data-id=\"45b8e28\" data-element_type=\"widget\" data-e-type=\"widget\" data-widget_type=\"divider.default\">\n\t\t\t\t<div class=\"elementor-widget-container\">\n\t\t\t\t\t\t\t<div class=\"elementor-divider\">\n\t\t\t<span class=\"elementor-divider-separator\">\n\t\t\t\t\t\t<\/span>\n\t\t<\/div>\n\t\t\t\t\t\t<\/div>\n\t\t\t\t<\/div>\n\t\t\t\t<div class=\"elementor-element elementor-element-50be0af3 elementor-widget elementor-widget-text-editor\" data-id=\"50be0af3\" data-element_type=\"widget\" data-e-type=\"widget\" data-widget_type=\"text-editor.default\">\n\t\t\t\t<div class=\"elementor-widget-container\">\n\t\t\t\t\t\t\t\t\t<p><span data-sheets-value=\"{\" data-sheets-userformat=\"{\">Bereit, Ihren neuen Lieblingszahnarzt kennenzulernen? <\/span><\/p><p><span data-sheets-value=\"{\" data-sheets-userformat=\"{\">Wir freuen uns darauf, Sie in unserer Klinik zu begr\u00fc\u00dfen zu k\u00f6nnen. Wir helfen Ihnen Ihr bestes, gesundes L\u00e4cheln zu finden! <\/span><\/p>\t\t\t\t\t\t\t\t<\/div>\n\t\t\t\t<\/div>\n\t\t\t\t<div class=\"elementor-element elementor-element-53b8686e elementor-align-center elementor-widget elementor-widget-button\" data-id=\"53b8686e\" data-element_type=\"widget\" data-e-type=\"widget\" data-widget_type=\"button.default\">\n\t\t\t\t<div class=\"elementor-widget-container\">\n\t\t\t\t\t\t\t\t\t<div class=\"elementor-button-wrapper\">\n\t\t\t\t\t<a class=\"elementor-button elementor-button-link elementor-size-sm\" href=\"https:\/\/allami.lu\/de\/kontakt\/\">\n\t\t\t\t\t\t<span class=\"elementor-button-content-wrapper\">\n\t\t\t\t\t\t<span class=\"elementor-button-icon\">\n\t\t\t\t<i aria-hidden=\"true\" class=\"fas fa-angle-right\"><\/i>\t\t\t<\/span>\n\t\t\t\t\t\t\t\t\t<span class=\"elementor-button-text\">Buchen Sie einen Termin<\/span>\n\t\t\t\t\t<\/span>\n\t\t\t\t\t<\/a>\n\t\t\t\t<\/div>\n\t\t\t\t\t\t\t\t<\/div>\n\t\t\t\t<\/div>\n\t\t\t\t\t<\/div>\n\t\t<\/div>\n\t\t\t\t\t<\/div>\n\t\t<\/section>\n\t\t\t\t<\/div>\n\t\t","protected":false},"excerpt":{"rendered":"<p>Here at \u201cMultimed Clinic\u201d We Offer World Class Medical Treatment I am text block. Click edit button to change this text. Lorem ipsum dolor sit amet, consectetur adipiscing elit. Ut elit tellus, luctus nec ullamcorper mattis, pulvinar dapibus leo. Read More About Our Clinic Lorem ipsum dolor sit amet, consectetur adipisicing elit, sed do eiusmod \u2026<\/p>\n<p class=\"read-more\"> <a class=\"\" href=\"https:\/\/websitedemos.net\/multimed-04\/\"> <span class=\"screen-reader-text\">Home<\/span> Read More \u00bb<\/a><\/p>\n","protected":false},"author":2,"featured_media":1823,"parent":0,"menu_order":0,"comment_status":"closed","ping_status":"closed","template":"elementor_header_footer","meta":{"site-sidebar-layout":"no-sidebar","site-content-layout":"page-builder","ast-site-content-layout":"default","site-content-style":"default","site-sidebar-style":"default","ast-global-header-display":"","ast-banner-title-visibility":"","ast-main-header-display":"","ast-hfb-above-header-display":"","ast-hfb-below-header-display":"","ast-hfb-mobile-header-display":"","site-post-title":"disabled","ast-breadcrumbs-content":"","ast-featured-img":"disabled","footer-sml-layout":"","ast-disable-related-posts":"","theme-transparent-header-meta":"enabled","adv-header-id-meta":"","stick-header-meta":"default","header-above-stick-meta":"","header-main-stick-meta":"","header-below-stick-meta":"","astra-migrate-meta-layouts":"default","ast-page-background-enabled":"default","ast-page-background-meta":{"desktop":{"background-color":"","background-image":"","background-repeat":"repeat","background-position":"center center","background-size":"auto","background-attachment":"scroll","background-type":"","background-media":"","overlay-type":"","overlay-color":"","overlay-opacity":"","overlay-gradient":""},"tablet":{"background-color":"","background-image":"","background-repeat":"repeat","background-position":"center center","background-size":"auto","background-attachment":"scroll","background-type":"","background-media":"","overlay-type":"","overlay-color":"","overlay-opacity":"","overlay-gradient":""},"mobile":{"background-color":"","background-image":"","background-repeat":"repeat","background-position":"center center","background-size":"auto","background-attachment":"scroll","background-type":"","background-media":"","overlay-type":"","overlay-color":"","overlay-opacity":"","overlay-gradient":""}},"ast-content-background-meta":{"desktop":{"background-color":"var(--ast-global-color-5)","background-image":"","background-repeat":"repeat","background-position":"center center","background-size":"auto","background-attachment":"scroll","background-type":"","background-media":"","overlay-type":"","overlay-color":"","overlay-opacity":"","overlay-gradient":""},"tablet":{"background-color":"var(--ast-global-color-5)","background-image":"","background-repeat":"repeat","background-position":"center center","background-size":"auto","background-attachment":"scroll","background-type":"","background-media":"","overlay-type":"","overlay-color":"","overlay-opacity":"","overlay-gradient":""},"mobile":{"background-color":"var(--ast-global-color-5)","background-image":"","background-repeat":"repeat","background-position":"center center","background-size":"auto","background-attachment":"scroll","background-type":"","background-media":"","overlay-type":"","overlay-color":"","overlay-opacity":"","overlay-gradient":""}},"footnotes":""},"class_list":["post-803","page","type-page","status-publish","has-post-thumbnail","hentry"],"_links":{"self":[{"href":"https:\/\/allami.lu\/de\/wp-json\/wp\/v2\/pages\/803","targetHints":{"allow":["GET"]}}],"collection":[{"href":"https:\/\/allami.lu\/de\/wp-json\/wp\/v2\/pages"}],"about":[{"href":"https:\/\/allami.lu\/de\/wp-json\/wp\/v2\/types\/page"}],"author":[{"embeddable":true,"href":"https:\/\/allami.lu\/de\/wp-json\/wp\/v2\/users\/2"}],"replies":[{"embeddable":true,"href":"https:\/\/allami.lu\/de\/wp-json\/wp\/v2\/comments?post=803"}],"version-history":[{"count":67,"href":"https:\/\/allami.lu\/de\/wp-json\/wp\/v2\/pages\/803\/revisions"}],"predecessor-version":[{"id":2890,"href":"https:\/\/allami.lu\/de\/wp-json\/wp\/v2\/pages\/803\/revisions\/2890"}],"wp:featuredmedia":[{"embeddable":true,"href":"https:\/\/allami.lu\/de\/wp-json\/wp\/v2\/media\/1823"}],"wp:attachment":[{"href":"https:\/\/allami.lu\/de\/wp-json\/wp\/v2\/media?parent=803"}],"curies":[{"name":"wp","href":"https:\/\/api.w.org\/{rel}","templated":true}]}}